{"id":2092,"date":"2025-09-29T16:09:09","date_gmt":"2025-09-29T14:09:09","guid":{"rendered":"https:\/\/clients.rubystudio.dk\/smk-vihda\/?page_id=2092"},"modified":"2026-03-27T11:53:46","modified_gmt":"2026-03-27T10:53:46","slug":"brug-denne-data","status":"publish","type":"page","link":"https:\/\/hammershoi.smk.dk\/da\/brug-denne-data\/","title":{"rendered":"Anvend data"},"content":{"rendered":"<h2>Vilk\u00e5r og betingelser for tilg\u00e6ngeligg\u00f8relse af data i The Vilhelm Hammersh\u00f8i Digital Archive<\/h2>\n<p><img decoding=\"async\" class=\"alignnone size-large wp-image-2357\" src=\"https:\/\/clients.rubystudio.dk\/smk-vihda\/wp-content\/uploads\/2025\/11\/Brug-denne-data-1024x596.jpg\" alt=\"\" width=\"1024\" height=\"596\" srcset=\"https:\/\/hammershoi.smk.dk\/wp-content\/uploads\/2025\/11\/Brug-denne-data-1024x596.jpg 1024w, https:\/\/hammershoi.smk.dk\/wp-content\/uploads\/2025\/11\/Brug-denne-data-300x175.jpg 300w, https:\/\/hammershoi.smk.dk\/wp-content\/uploads\/2025\/11\/Brug-denne-data-768x447.jpg 768w, https:\/\/hammershoi.smk.dk\/wp-content\/uploads\/2025\/11\/Brug-denne-data-1536x894.jpg 1536w, https:\/\/hammershoi.smk.dk\/wp-content\/uploads\/2025\/11\/Brug-denne-data-2048x1192.jpg 2048w, https:\/\/hammershoi.smk.dk\/wp-content\/uploads\/2025\/11\/Brug-denne-data-1920x1118.jpg 1920w\" sizes=\"(max-width: 1024px) 100vw, 1024px\" \/><\/p>\n<p>The Vilhelm Hammersh\u00f8i Digital Archive (ViHDA) bygger p\u00e5 klare Open Access-principper for at skabe st\u00f8rst muligt afkast af digitaliseringsarbejdet og st\u00f8rst mulig v\u00e6rdi for brugerne. Overordnet er databasen konstrueret omkring de <a href=\"https:\/\/www.go-fair.org\/fair-principles\/\">internationale FAIR-principper<\/a> for videnskabelige data, som st\u00e5r for <strong>F<\/strong>indable, <strong>A<\/strong>ccessible, <strong>I<\/strong>nteroperable, <strong>R<\/strong>eusable. FAIR-principperne sikrer, at data er transparente og tilg\u00e6ngelige b\u00e5de for mennesker og computere. Med hj\u00e6lp fra computerkraft kan forskningen behandle omfattende datam\u00e6ngder effektivt og pr\u00e6cist. Derfor skal den data, der genereres i projektet, ogs\u00e5 kunne afl\u00e6ses og behandles maskinelt.<\/p>\n<p>Vi f\u00f8lger europ\u00e6isk rettighedslovgivning. Ny EU-lovgivning vedtaget i 2021 hindrer, at man h\u00e6vder rettigheder i trov\u00e6rdige fotografiske gengivelser af kunstv\u00e6rker uden for ophavsret (hvor kunstneren har v\u00e6ret d\u00f8d i 70 \u00e5r eller mere). Det har betydning for, hvordan vi korrekt opm\u00e6rker optagelser af Vilhelm Hammersh\u00f8is v\u00e6rker (1864-1916).<\/p>\n<p>For at skabe gennemsigtighed og eliminere usikkerhed blandt brugere af ViHDA opererer vi kun med to enkle m\u00e5der at deklarere materialerne p\u00e5:<\/p>\n<ol>\n<li><a href=\"https:\/\/creativecommons.org\/publicdomain\/mark\/1.0\/deed.da\">Public Domain-m\u00e6rket <\/a><a href=\"https:\/\/creativecommons.org\/publicdomain\/mark\/1.0\/deed.da\"><strong>PDM<\/strong><\/a> p\u00e5 alle rene v\u00e6rkgengivelser<\/li>\n<li><a href=\"https:\/\/creativecommons.org\/licenses\/by-sa\/4.0\/deed.da\">Den \u00e5bne licens <\/a><u>(<\/u><a href=\"https:\/\/creativecommons.org\/licenses\/by-sa\/4.0\/deed.da\"><strong>CC BY-SA<\/strong><\/a><u>)<\/u> (forkortelse for Creative Commons Attribution Share Alike = Kreditering-DelP\u00e5SammeVilk\u00e5r) p\u00e5 alle tekniske billedtyper<\/li>\n<\/ol>\n<p>De to deklarationer stammer fra <a href=\"https:\/\/creativecommons.org\/\">Creative Commons<\/a>, et system af \u00e5bne licenser, der har til form\u00e5l at g\u00f8re det enkelt og tydeligt for brugerne, hvordan de m\u00e5 dele og genanvende digitaliseret materiale.<\/p>\n<p>1 (<strong>PDM<\/strong>)<br \/>\nVilhelm Hammersh\u00f8i d\u00f8de i 1916. Den kunstneriske ophavsret udl\u00f8ber 70 \u00e5r efter kunstnerens d\u00f8d. Hans oeuvre har s\u00e5ledes juridisk befundet sig i Public Domain senest siden 1. januar 1987.<a href=\"#_ftn1\" name=\"_ftnref1\"><sup>[1]<\/sup><\/a> Derfor er der intet til hinder for at g\u00f8re trov\u00e6rdige gengivelser af hans v\u00e6rker frit tilg\u00e6ngelige til alle form\u00e5l. Det er \u00f8nsket med ViHDA-projektet at underst\u00f8tte interesserede brugere \u2013 fra forskere over studerende til kreative og iv\u00e6rks\u00e6ttere \u2013 i at udfolde de id\u00e9er, der opst\u00e5r i m\u00f8det med billeder af h\u00f8j kvalitet fra p\u00e5lidelige kilder. Alle rene v\u00e6rkgengivelser i ViHDA er derfor tydeligt m\u00e6rket <strong>PDM<\/strong> som dokumentation for, at v\u00e6rket er i Public Domain og gerne m\u00e5 anvendes til alle form\u00e5l.<\/p>\n<p>2 (<strong>CC BY-SA<\/strong>)<br \/>\nData skabt i ViHDA-projektet er tilvejebragt af forskellige faglige eksperter og institutioner, med forskelligt udstyr, som det er n\u00f8dvendigt at formidle for at hj\u00e6lpe brugere med at afl\u00e6se og anvende data pr\u00e6cist og videnskabeligt vederh\u00e6ftigt. Tekniske billedtyper skal altid ledsages af metadata. Af samme grund anvender ViHDA den \u00e5bne licens <strong>CC BY-SA<\/strong> p\u00e5 alle tekniske billedtyper. Denne licens tydeligg\u00f8r, at billederne m\u00e5 anvendes til alle form\u00e5l, s\u00e5 l\u00e6nge kilden krediteres efter forskrifterne (se nedenfor). Hvis billeder genanvendes, skal den nye sammenh\u00e6ng, som de indg\u00e5r i, tilg\u00e6ngeligg\u00f8res under den samme \u00e5bne licens, s\u00e5 det \u00e5bne videndelingsprincip sikres fortsat udbredelse.<\/p>\n<p><strong>Kreditering af billeder fra ViHDA<br \/>\n<\/strong>Hvordan krediterer man materiale fundet i ViHDA-databasen, fx hvis man vil anvende det i forskningspublikationer, p\u00e5 hjemmesider eller andet? Der er to muligheder.<\/p>\n<p>Billeder i Public Domain er frie af alle rettigheder, og der kan s\u00e5ledes ikke stilles krav til kreditering. Men det er god skik at opfordre brugere til at kreditere kilden, n\u00e5r de anvender PD-billeder, for at sikre at viden og data f\u00f8lger billederne.<\/p>\n<p><em><strong>Almindelige fotografiske gengivelser <\/strong><\/em><strong>(PDM)<br \/>\n<\/strong>ViHDA anmoder derfor brugere om at kreditere <em>almindelige fotografiske gengivelser<\/em> af Hammersh\u00f8is v\u00e6rker s\u00e5ledes:<\/p>\n<p>Kunstner, V\u00e6rkets titel, Datering (\u00e5rstal), Teknik, Format, Ejer, hammershoi.smk.dk, public domain<\/p>\n<p><span style=\"text-decoration: underline;\">Et eksempel kunne v\u00e6re:<\/span><br \/>\nVilhelm Hammersh\u00f8i, <em>N\u00f8gen kvindelig model<\/em>, 1910, olie p\u00e5 l\u00e6rred, 172 x 96,5 cm, Davids Samling, hammershoi.smk.dk, public domain<\/p>\n<p><strong><em>Tekniske billedtyper<\/em><\/strong><strong> (CC BY-SA 4.0)<br \/>\n<\/strong>Deling og genanvendelse af <em>tekniske billedtyper<\/em> i ViHDA kr\u00e6ver korrekt kreditering efter forskrifterne i licensen CC BY-SA:<\/p>\n<p>Teknisk billedtype, datering af optagelse, institution hvor optagelsen er skabt, navn p\u00e5 vedkommende der har lavet optagelsen (findes under de enkelte optagelser), kunstner, <em>v\u00e6rkets titel<\/em>, v\u00e6rkdatering (\u00e5rstal), ejer, hammershoi.smk.dk, CC BY-SA 4.0<\/p>\n<p><span style=\"text-decoration: underline;\">Et eksempel kunne v\u00e6re:<\/span><br \/>\nR\u00f8ntgenoptagelse, udf\u00f8rt 2024 p\u00e5 SMK af (inds\u00e6t navn), Vilhelm Hammersh\u00f8i, <em>N\u00f8gen kvindelig model<\/em>, 1910, Davids Samling, hammershoi.smk.dk, CC BY-SA 4.0<\/p>\n<p>Ved v\u00e6rker i privateje anf\u00f8res \u201dPrivateje\u201d ved \u201dEjer\u201d.<\/p>\n<p>Alle ovenn\u00e6vnte metadata fremg\u00e5r af sitet.<\/p>\n<p>De ovenfor beskrevne principper er g\u00e6ldende for alt materiale i ViHDA. Det sikrer den klarhed og tryghed for brugerne, som ligger i Open Access.<\/p>\n","protected":false},"excerpt":{"rendered":"<p>Vilk\u00e5r og betingelser for tilg\u00e6ngeligg\u00f8relse af data i The Vilhelm Hammersh\u00f8i Digital Archive The Vilhelm Hammersh\u00f8i Digital Archive (ViHDA) bygger p\u00e5 klare Open Access-principper for at skabe st\u00f8rst muligt afkast af digitaliseringsarbejdet og st\u00f8rst mulig v\u00e6rdi for brugerne. Overordnet er databasen konstrueret omkring de internationale FAIR-principper for videnskabelige data, som st\u00e5r for Findable, Accessible, Interoperable, [&hellip;]<\/p>\n","protected":false},"author":4,"featured_media":0,"parent":0,"menu_order":0,"comment_status":"closed","ping_status":"closed","template":"","meta":{"_acf_changed":false,"footnotes":""},"class_list":["post-2092","page","type-page","status-publish","hentry"],"acf":[],"yoast_head":"<!-- This site is optimized with the Yoast SEO plugin v27.3 - https:\/\/yoast.com\/product\/yoast-seo-wordpress\/ -->\n<title>Anvend data - SMK - The Vilhelm Hammersh\u00f8i Digital Archive<\/title>\n<meta name=\"robots\" content=\"index, follow, max-snippet:-1, max-image-preview:large, max-video-preview:-1\" \/>\n<link rel=\"canonical\" href=\"https:\/\/hammershoi.smk.dk\/da\/brug-denne-data\/\" \/>\n<meta property=\"og:locale\" content=\"da_DK\" \/>\n<meta property=\"og:type\" content=\"article\" \/>\n<meta property=\"og:title\" content=\"Anvend data - SMK - The Vilhelm Hammersh\u00f8i Digital Archive\" \/>\n<meta property=\"og:description\" content=\"Vilk\u00e5r og betingelser for tilg\u00e6ngeligg\u00f8relse af data i The Vilhelm Hammersh\u00f8i Digital Archive The Vilhelm Hammersh\u00f8i Digital Archive (ViHDA) bygger p\u00e5 klare Open Access-principper for at skabe st\u00f8rst muligt afkast af digitaliseringsarbejdet og st\u00f8rst mulig v\u00e6rdi for brugerne. Overordnet er databasen konstrueret omkring de internationale FAIR-principper for videnskabelige data, som st\u00e5r for Findable, Accessible, Interoperable, [&hellip;]\" \/>\n<meta property=\"og:url\" content=\"https:\/\/hammershoi.smk.dk\/da\/brug-denne-data\/\" \/>\n<meta property=\"og:site_name\" content=\"SMK - The Vilhelm Hammersh\u00f8i Digital Archive\" \/>\n<meta property=\"article:modified_time\" content=\"2026-03-27T10:53:46+00:00\" \/>\n<meta property=\"og:image\" content=\"https:\/\/hammershoi.smk.dk\/wp-content\/uploads\/2025\/11\/Brug-denne-data-1024x596.jpg\" \/>\n\t<meta property=\"og:image:width\" content=\"1024\" \/>\n\t<meta property=\"og:image:height\" content=\"596\" \/>\n\t<meta property=\"og:image:type\" content=\"image\/jpeg\" \/>\n<meta name=\"twitter:card\" content=\"summary_large_image\" \/>\n<meta name=\"twitter:label1\" content=\"Est. reading time\" \/>\n\t<meta name=\"twitter:data1\" content=\"4 minutes\" \/>\n<script type=\"application\/ld+json\" class=\"yoast-schema-graph\">{\"@context\":\"https:\\\/\\\/schema.org\",\"@graph\":[{\"@type\":\"WebPage\",\"@id\":\"https:\\\/\\\/hammershoi.smk.dk\\\/da\\\/brug-denne-data\\\/\",\"url\":\"https:\\\/\\\/hammershoi.smk.dk\\\/da\\\/brug-denne-data\\\/\",\"name\":\"Anvend data - SMK - The Vilhelm Hammersh\u00f8i Digital Archive\",\"isPartOf\":{\"@id\":\"https:\\\/\\\/hammershoi.smk.dk\\\/#website\"},\"primaryImageOfPage\":{\"@id\":\"https:\\\/\\\/hammershoi.smk.dk\\\/da\\\/brug-denne-data\\\/#primaryimage\"},\"image\":{\"@id\":\"https:\\\/\\\/hammershoi.smk.dk\\\/da\\\/brug-denne-data\\\/#primaryimage\"},\"thumbnailUrl\":\"https:\\\/\\\/clients.rubystudio.dk\\\/smk-vihda\\\/wp-content\\\/uploads\\\/2025\\\/11\\\/Brug-denne-data-1024x596.jpg\",\"datePublished\":\"2025-09-29T14:09:09+00:00\",\"dateModified\":\"2026-03-27T10:53:46+00:00\",\"breadcrumb\":{\"@id\":\"https:\\\/\\\/hammershoi.smk.dk\\\/da\\\/brug-denne-data\\\/#breadcrumb\"},\"inLanguage\":\"da-DK\",\"potentialAction\":[{\"@type\":\"ReadAction\",\"target\":[\"https:\\\/\\\/hammershoi.smk.dk\\\/da\\\/brug-denne-data\\\/\"]}]},{\"@type\":\"ImageObject\",\"inLanguage\":\"da-DK\",\"@id\":\"https:\\\/\\\/hammershoi.smk.dk\\\/da\\\/brug-denne-data\\\/#primaryimage\",\"url\":\"https:\\\/\\\/clients.rubystudio.dk\\\/smk-vihda\\\/wp-content\\\/uploads\\\/2025\\\/11\\\/Brug-denne-data-1024x596.jpg\",\"contentUrl\":\"https:\\\/\\\/clients.rubystudio.dk\\\/smk-vihda\\\/wp-content\\\/uploads\\\/2025\\\/11\\\/Brug-denne-data-1024x596.jpg\"},{\"@type\":\"BreadcrumbList\",\"@id\":\"https:\\\/\\\/hammershoi.smk.dk\\\/da\\\/brug-denne-data\\\/#breadcrumb\",\"itemListElement\":[{\"@type\":\"ListItem\",\"position\":1,\"name\":\"Home\",\"item\":\"https:\\\/\\\/hammershoi.smk.dk\\\/forside\\\/\"},{\"@type\":\"ListItem\",\"position\":2,\"name\":\"Anvend data\"}]},{\"@type\":\"WebSite\",\"@id\":\"https:\\\/\\\/hammershoi.smk.dk\\\/#website\",\"url\":\"https:\\\/\\\/hammershoi.smk.dk\\\/\",\"name\":\"SMK - The Vilhelm Hammersh\u00f8i Digital Archive\",\"description\":\"\",\"potentialAction\":[{\"@type\":\"SearchAction\",\"target\":{\"@type\":\"EntryPoint\",\"urlTemplate\":\"https:\\\/\\\/hammershoi.smk.dk\\\/?s={search_term_string}\"},\"query-input\":{\"@type\":\"PropertyValueSpecification\",\"valueRequired\":true,\"valueName\":\"search_term_string\"}}],\"inLanguage\":\"da-DK\"}]}<\/script>\n<!-- \/ Yoast SEO plugin. -->","yoast_head_json":{"title":"Anvend data - SMK - The Vilhelm Hammersh\u00f8i Digital Archive","robots":{"index":"index","follow":"follow","max-snippet":"max-snippet:-1","max-image-preview":"max-image-preview:large","max-video-preview":"max-video-preview:-1"},"canonical":"https:\/\/hammershoi.smk.dk\/da\/brug-denne-data\/","og_locale":"da_DK","og_type":"article","og_title":"Anvend data - SMK - The Vilhelm Hammersh\u00f8i Digital Archive","og_description":"Vilk\u00e5r og betingelser for tilg\u00e6ngeligg\u00f8relse af data i The Vilhelm Hammersh\u00f8i Digital Archive The Vilhelm Hammersh\u00f8i Digital Archive (ViHDA) bygger p\u00e5 klare Open Access-principper for at skabe st\u00f8rst muligt afkast af digitaliseringsarbejdet og st\u00f8rst mulig v\u00e6rdi for brugerne. Overordnet er databasen konstrueret omkring de internationale FAIR-principper for videnskabelige data, som st\u00e5r for Findable, Accessible, Interoperable, [&hellip;]","og_url":"https:\/\/hammershoi.smk.dk\/da\/brug-denne-data\/","og_site_name":"SMK - The Vilhelm Hammersh\u00f8i Digital Archive","article_modified_time":"2026-03-27T10:53:46+00:00","og_image":[{"width":1024,"height":596,"url":"https:\/\/hammershoi.smk.dk\/wp-content\/uploads\/2025\/11\/Brug-denne-data-1024x596.jpg","type":"image\/jpeg"}],"twitter_card":"summary_large_image","twitter_misc":{"Est. reading time":"4 minutes"},"schema":{"@context":"https:\/\/schema.org","@graph":[{"@type":"WebPage","@id":"https:\/\/hammershoi.smk.dk\/da\/brug-denne-data\/","url":"https:\/\/hammershoi.smk.dk\/da\/brug-denne-data\/","name":"Anvend data - SMK - The Vilhelm Hammersh\u00f8i Digital Archive","isPartOf":{"@id":"https:\/\/hammershoi.smk.dk\/#website"},"primaryImageOfPage":{"@id":"https:\/\/hammershoi.smk.dk\/da\/brug-denne-data\/#primaryimage"},"image":{"@id":"https:\/\/hammershoi.smk.dk\/da\/brug-denne-data\/#primaryimage"},"thumbnailUrl":"https:\/\/clients.rubystudio.dk\/smk-vihda\/wp-content\/uploads\/2025\/11\/Brug-denne-data-1024x596.jpg","datePublished":"2025-09-29T14:09:09+00:00","dateModified":"2026-03-27T10:53:46+00:00","breadcrumb":{"@id":"https:\/\/hammershoi.smk.dk\/da\/brug-denne-data\/#breadcrumb"},"inLanguage":"da-DK","potentialAction":[{"@type":"ReadAction","target":["https:\/\/hammershoi.smk.dk\/da\/brug-denne-data\/"]}]},{"@type":"ImageObject","inLanguage":"da-DK","@id":"https:\/\/hammershoi.smk.dk\/da\/brug-denne-data\/#primaryimage","url":"https:\/\/clients.rubystudio.dk\/smk-vihda\/wp-content\/uploads\/2025\/11\/Brug-denne-data-1024x596.jpg","contentUrl":"https:\/\/clients.rubystudio.dk\/smk-vihda\/wp-content\/uploads\/2025\/11\/Brug-denne-data-1024x596.jpg"},{"@type":"BreadcrumbList","@id":"https:\/\/hammershoi.smk.dk\/da\/brug-denne-data\/#breadcrumb","itemListElement":[{"@type":"ListItem","position":1,"name":"Home","item":"https:\/\/hammershoi.smk.dk\/forside\/"},{"@type":"ListItem","position":2,"name":"Anvend data"}]},{"@type":"WebSite","@id":"https:\/\/hammershoi.smk.dk\/#website","url":"https:\/\/hammershoi.smk.dk\/","name":"SMK - The Vilhelm Hammersh\u00f8i Digital Archive","description":"","potentialAction":[{"@type":"SearchAction","target":{"@type":"EntryPoint","urlTemplate":"https:\/\/hammershoi.smk.dk\/?s={search_term_string}"},"query-input":{"@type":"PropertyValueSpecification","valueRequired":true,"valueName":"search_term_string"}}],"inLanguage":"da-DK"}]}},"_links":{"self":[{"href":"https:\/\/hammershoi.smk.dk\/da\/wp-json\/wp\/v2\/pages\/2092","targetHints":{"allow":["GET"]}}],"collection":[{"href":"https:\/\/hammershoi.smk.dk\/da\/wp-json\/wp\/v2\/pages"}],"about":[{"href":"https:\/\/hammershoi.smk.dk\/da\/wp-json\/wp\/v2\/types\/page"}],"author":[{"embeddable":true,"href":"https:\/\/hammershoi.smk.dk\/da\/wp-json\/wp\/v2\/users\/4"}],"replies":[{"embeddable":true,"href":"https:\/\/hammershoi.smk.dk\/da\/wp-json\/wp\/v2\/comments?post=2092"}],"version-history":[{"count":19,"href":"https:\/\/hammershoi.smk.dk\/da\/wp-json\/wp\/v2\/pages\/2092\/revisions"}],"predecessor-version":[{"id":2416,"href":"https:\/\/hammershoi.smk.dk\/da\/wp-json\/wp\/v2\/pages\/2092\/revisions\/2416"}],"wp:attachment":[{"href":"https:\/\/hammershoi.smk.dk\/da\/wp-json\/wp\/v2\/media?parent=2092"}],"curies":[{"name":"wp","href":"https:\/\/api.w.org\/{rel}","templated":true}]}}