{"id":2090,"date":"2025-09-29T16:08:46","date_gmt":"2025-09-29T14:08:46","guid":{"rendered":"https:\/\/clients.rubystudio.dk\/smk-vihda\/?page_id=2090"},"modified":"2026-02-16T14:20:48","modified_gmt":"2026-02-16T13:20:48","slug":"anvendte-instrumenter","status":"publish","type":"page","link":"https:\/\/hammershoi.smk.dk\/da\/anvendte-instrumenter\/","title":{"rendered":"Anvendt udstyr"},"content":{"rendered":"<p>Mens de fleste af malerierne der indg\u00e5r i <em>Vilhelm Hammersh\u00f8i Digital Archive<\/em> er blevet unders\u00f8gt og analyseret p\u00e5 SMK, har nogle af de deltagende institutioner udf\u00f8rt imaging og videnskabelige analyser af deres egne v\u00e6rker. Specifikationerne for de enkelte institutioners udstyr er angivet nedenfor.<\/p>\n<p><img decoding=\"async\" class=\"alignnone size-large wp-image-2353\" src=\"https:\/\/clients.rubystudio.dk\/smk-vihda\/wp-content\/uploads\/2025\/11\/Udstyr-1024x582.jpg\" alt=\"\" width=\"1024\" height=\"582\" srcset=\"https:\/\/hammershoi.smk.dk\/wp-content\/uploads\/2025\/11\/Udstyr-1024x582.jpg 1024w, https:\/\/hammershoi.smk.dk\/wp-content\/uploads\/2025\/11\/Udstyr-300x171.jpg 300w, https:\/\/hammershoi.smk.dk\/wp-content\/uploads\/2025\/11\/Udstyr-768x437.jpg 768w, https:\/\/hammershoi.smk.dk\/wp-content\/uploads\/2025\/11\/Udstyr-1536x873.jpg 1536w, https:\/\/hammershoi.smk.dk\/wp-content\/uploads\/2025\/11\/Udstyr-2048x1165.jpg 2048w, https:\/\/hammershoi.smk.dk\/wp-content\/uploads\/2025\/11\/Udstyr-1920x1092.jpg 1920w\" sizes=\"(max-width: 1024px) 100vw, 1024px\" \/><\/p>\n<h2><strong><br \/>\nSTATENS MUSEUM FOR KUNST<\/strong><\/h2>\n<p><span style=\"text-decoration: underline;\"><strong>Multiband imaging (MSI)<\/strong><\/span><br \/>\nKamera: Phase One iXG 100MP kamera (med CMOS-sensor i opl\u00f8sning p\u00e5 11608 x 8708)<br \/>\nSchneider Kreuznach RS 72mm objektiv<br \/>\nPhase One Rainbow system<br \/>\nFiltre:<br \/>\nVIS-R-VIS: Schott BG39 UV\/IR Cut Filter<br \/>\nIR-R-IR: RG839nm IR Pass filter<br \/>\nVIS-L-UV: Baader UV7IR Cut\/ L Filter<br \/>\nUV-R-UV: UG1 Visible block Filter<br \/>\nLED lamper, fremstillet af Dedo:<br \/>\nUV: DLED7 UV 365 med UG11 filter<br \/>\nVIS: DLED7-D synligt lys med SchottBG39 filter<br \/>\nIR: DLED4-BI-IR, med Heliopan 830 nm filter.<br \/>\nlysvinkel: 25\u00ba<\/p>\n<p><span style=\"text-decoration: underline;\"><strong>X-radiografi (X-Ray)<\/strong><\/span><br \/>\nR\u00f8ntgenr\u00f8r: Yxlon Smart EVO 160D<br \/>\nR\u00f8rsp\u00e6nding: 20-160 kV<br \/>\nStr\u00f8mstyrke: 0,5-7 mA<br \/>\nBilledplade: HD Image plate 30\u00d740 cm D\u00fcrrNDT<br \/>\nDigitalt system: CR-System\/A211395001<br \/>\nFokus-billedplade afstand: 110cm<br \/>\nSekund\u00e6r filtrering: 3mm AlMg3 Filter<br \/>\nOpl\u00f8sning: 503DPI<\/p>\n<p><strong><span style=\"text-decoration: underline;\">Infrar\u00f8d reflektografi (IRR)<\/span><br \/>\n<\/strong>Kamera: Apollo Infrar\u00f8dt kamera, Opus Instruments<br \/>\nDetektor: InGaAS sensor, f\u00f8lsom i spektret fra 900-1700nm<br \/>\nStandard optik: 6-element Rodagon f\/5.6, 150mm<br \/>\nDokumentationsomr\u00e5de: 400 x 400 mm af maleriet (4096 x 4096 pixel)<br \/>\nKamera justering: 300 mm vertikal and horisontal = 25% overlap<br \/>\nFokus-afstand: 900 mm fra kamera til maleri<br \/>\nFokuseringsskala: App. 48 mm<br \/>\nBl\u00e6nde: f\/8<br \/>\nLyskilde: Hedler, Halogenic<\/p>\n<p><strong><span style=\"text-decoration: underline;\">Makror\u00f8ntgenfluorescensscanning (MA-XRF)<\/span><br \/>\n<\/strong>Instrument: Bruker CRONO makror\u00f8ntgenfluorescens scanner<br \/>\nR\u00f8ntgen generator: Luftk\u00f8let micro-fokus Rh-anode<br \/>\nR\u00f8ntgen detektor: 30 mm<sup>2<\/sup> silicium (Si) drift detektor (SDD) med beryllium vindue<br \/>\nSp\u00e6nding: 10-50 kV<br \/>\nStr\u00f8mstyrke: 5-200 \u00b5A<br \/>\nKollimering: 0.5 mm, 1 mm, 2 mm<br \/>\nXYZ motoriseret platform: scanningsomr\u00e5de 600 mm \u00d7 450 mm (XY), 75 mm (Z)<br \/>\nHastighed: max. 45 mm\/s<\/p>\n<p><strong><span style=\"text-decoration: underline;\">Energidispersiv r\u00f8ntgenspektroskopi (SEM-EDXS)<\/span><br \/>\n<\/strong>Instrument: Hitachi S-3400N<br \/>\nElektronkilde: Wolfram (hairpin) filament<br \/>\nAccelerationssp\u00e6nding: 0.3-30 kV<br \/>\nForst\u00f8rrelse: 5\u00d7 to 300,000\u00d7<br \/>\nMaksimal pr\u00f8vest\u00f8rrelse: up to 250 mm in diameter<br \/>\nTilstand: h\u00f8jt vakuum og variabelt tryk (VP)<br \/>\nTrykniveauer: 6-270 Pa<br \/>\nBSE detektor: 5-segmenter, med h\u00f8j sensitivitet<br \/>\nEDX detektor: Bruker Quantax 200 energi-dispersivt r\u00f8ntgenspektroskopisystem med to Peltier-k\u00f8lede silicium drift detektorer (SDD), hver med et aktivt areal p\u00e5 20 mm<sup>2<\/sup><\/p>\n<p><strong><span style=\"text-decoration: underline;\">Punkt-r\u00f8ntgenfluorescens spektroskopi (pXRF)<\/span><br \/>\n<\/strong>Instrument: Bruker ELIO r\u00f8ntgenfluorescensscanner<br \/>\nR\u00f8ntgengenerator: Rh-target X-ray tube<br \/>\nR\u00f8ntgendetektor: 25 mm<sup>2<\/sup> silicium drift detektor (SDD) med beryllium vindue<br \/>\nSp\u00e6nding: 10-50 kV<br \/>\nStr\u00f8mstyrke: 5-200 \u00b5A<br \/>\nKollimering: 1 mm<\/p>\n<p><strong><span style=\"text-decoration: underline;\">Fiberoptisk reflektansspektroskopi (FORS)<br \/>\n<\/span><\/strong>Instrument: ASD FieldSpec 4 fibre optic spectroradiometer<br \/>\nFiber optik lyskilde: Wolfram-halogen lyskilde, 2800 K, 200 W\/m<sup>2<br \/>\n<\/sup>Fiberoptisk sonde: Bifurkeret, 156 fibre, 2000 \u03bcm kerne diameter<br \/>\nSampling area: 4 mm in diameter<br \/>\nSpektrets spillerum: 350\u20132500 nm (dvs. fra det n\u00e6re ultraviolette til det n\u00e6re infrar\u00f8de eller UV-vis-NIR)<br \/>\nSpektral sampling: 1.4 nm to 2 nm<br \/>\nSpektralopl\u00f8sning: 3 nm ved 700 nm, og 10 nm ved 1400 nm og 2100 nm.<br \/>\nKalibrering: Hvidt referencepanel fra ASD, lavet af et fuldt reflekterende materiale<\/p>\n<p><span style=\"text-decoration: underline;\"><strong>Fourier-transformeret infrar\u00f8dspektroskopi (FTIR)<\/strong><\/span><br \/>\nInstrument: Bruker Alpha FT-IR spektrometer<br \/>\nTilbeh\u00f8r og geometrier: ekstern refleksion med video-mulighed (ER), h\u00f8jt ydende d\u00e6mpet total refleksion (ATR)<br \/>\nDetektor: Deutereret L-alanin-dopet triglycensulfat (DLATGS)<br \/>\nSpektre spillerum: 7000\u2013375 cm<sup>\u22121<br \/>\n<\/sup>Spektralopl\u00f8sning: 0,75-256 cm<sup>-1<\/sup><\/p>\n<h2><strong><br \/>\nGETTY CONSERVATION INSTITUTE<\/strong><\/h2>\n<p><span style=\"text-decoration: underline;\"><strong>Multiband imaging (MSI)<\/strong><\/span><br \/>\nKamera: Phase One XF kamera med et IQ3 100MP bagstykke (CMOS-sensor resolution of 11608 x 8708)<br \/>\nSchneider Kreuznach LS 120mm optik<br \/>\nVIS-R-VIS: Filtre: B+W High-Transmission MRC-Nano Master Circular Polarizer Filter. Lyskilde: BronColor Lightbar 120 Evolution med blitz, vinklet 45\u00ba<br \/>\nIR-R-IR: IR cut filter fjernet. Filtre: B + W 093 Infrar\u00f8d Filter, Black Red 830. Lyskilde: BronColor Lightbar 120 Evolution med blitz, vinklet: 45\u00ba<br \/>\nVIS-L-UV: Filtre: Tiffen UV 2E Pale Yellow Filter. Lyskilde: Wildfire 250 Watt Long-Throw UV 365nm BlackLight (IronArc metal halogenlampe), vinkel: 45\u00ba<\/p>\n<p><strong><span style=\"text-decoration: underline;\">Infrar\u00f8d reflektografi (IRR)<\/span><br \/>\n<\/strong>Kamera: Osiris Infrar\u00f8dt kamera, Opus Instruments<br \/>\nDetektor: InGaAS sensor, f\u00f8lsom i spektret fra 900-1700nm<br \/>\nStandard optik: 6-element Rodagon f\/5.6, 150mm<br \/>\nDokumentationsomr\u00e5de: FOV 38,4 cm<sup>2<\/sup> af maleriet (hver optagelse \u00e1 4096 x 4096 pixel, i alt 9 optagelser med 128 pixels overlap)<br \/>\nKamera justering: fikseret kamera og lyss\u00e6tning, staffeli flyttet i steps \u00e1 396 mm<br \/>\nFokus-afstand: 900 mm fra kamera til maleri<br \/>\nFokuseringsskala: App. 44 mm<br \/>\nBl\u00e6nde: f\/8<br \/>\nLyskilde: Lowell Pro 3200K Wolfram Halogen<\/p>\n<p><strong><span style=\"text-decoration: underline;\">X-radiografi (X-Ray)<\/span><br \/>\n<\/strong>R\u00f8ntgenr\u00f8r: Philips MCN 165 tube with a Philips MGC 40 control unit<br \/>\nR\u00f8rsp\u00e6nding: 7,5-160 kV<br \/>\nStr\u00f8mstyrke: 0,5-60 mA<br \/>\nBilledplade: Carestream XL Blue billedplade<br \/>\nBilledpladescanner: Carestream Industrex HPX-1 scanner ved PMT-indstilling High-10<br \/>\nAfstand fra r\u00f8ntgenfokus til billedplade: 170cm<br \/>\nSekund\u00e6r filtrering: ingen<br \/>\nOpl\u00f8sning: 600 DPI<\/p>\n<p><span style=\"text-decoration: underline;\"><strong>Makror\u00f8ntgenfluorescensscanning (MA-XRF)<\/strong><\/span><strong><br \/>\n<\/strong>Instrument: Bruker M6 Jetstream<br \/>\nSp\u00e6nding: 50 kV<br \/>\nStr\u00f8mstyrke: 300 \u03bcA<br \/>\nKollimering: 530 \u03bcm fokusst\u00f8rrelse med polykapill\u00e6r optik<br \/>\nStep size: 600 \u03bcm<br \/>\nEksponeringstid: 30 ms\/pixel<br \/>\nFilter: ingen<\/p>\n<h2><strong><br \/>\nNATIONALMUSEUM STOCKHOLM<\/strong><\/h2>\n<p><strong><span style=\"text-decoration: underline;\">Multiband imaging (MSI)<\/span><br \/>\n<\/strong>Kamera: Hasselblad H6D-400c MS kamera<br \/>\nHC 80mm f\/2,8 alt. HC 120mm f\/4,0 optik<br \/>\nSymmetrisk synligt lys \/ sidelys optagelser: Lyskilde: Profoto D4 2400 Air, ProHead Plus<br \/>\nUltraviolet fluorescens: Filters: PECA 918 IR Cut Filter, Kodak #2E Pale Yellow Optical Wratten 2. Illumination: Dedolight DLED7-T\/D, UV LED 365 with UG11 UV Bandpass Filter<br \/>\nTransmitteret lys: Lyskilde: Lysbord A1 BeamBox LED Light Box<\/p>\n<p><strong>Infrar\u00f8d reflektografi (IRR)<br \/>\n<u><\/u><\/strong>Kamera: Osiris Infrar\u00f8dt kamera, Opus Instruments<br \/>\nDetektor: InGaAS sensor, f\u00f8lsom i spektret fra 900-1700nm<br \/>\nStandard optik: 6-element Rodagon f\/5.6, 150mm<br \/>\nFiltre:<br \/>\nSWP: Osiris 1250 Short Wave Pass filter 52 mm (900-1250nm)<br \/>\nBP: Osiris 1250-1510 Bandpass filter 52 mm (1250-1510nm)<br \/>\nLWP: Osiris 1510 Long Wave Pass filter 52 mm (1510-1700nm)<br \/>\nLyskilde: Dedolight DLH 652, wolfram 650W<\/p>\n<h2><strong><br \/>\nNATIONAL MUSEUM, NORWAY<\/strong><\/h2>\n<p><strong><u>Multiband imaging (MSI)<br \/>\n<\/u><\/strong>Kamera: Hasselblad H6D 400c (Multishot, med CMOS-sensor 11600 x 8700 px, 4,6 x4,6 \u00b5m)<br \/>\nHC Macro f4 \/ 120 II optik<br \/>\nPhocus software<br \/>\nFiltre: VIS-R-VIS: Polarizing filter, VIS-L-UV: \u00a0Baader UV\/IR cut off filter. 2E og 85B filter<br \/>\nLyskilde: VIS: Broncolor Scoro 3200 S, UV: Dedolights Dled d9 T\/D d365 med UG-1 UV Bandpass filter<\/p>\n<p><strong><u>Infrar\u00f8d reflektografi (IRR)<\/u><\/strong><strong><br \/>\n<\/strong>Kamera: Apollo Infrar\u00f8dt kamera, Opus Instruments<br \/>\nDetektor: InGaAS sensor, f\u00f8lsom i spektret fra 900-1700nm<br \/>\nStandard optik: 6-element Rodagon f\/5.6, 150mm<br \/>\nMatrix: 4096 x 4096 pixels<br \/>\nFokuseringsskala: App. 48 mm<br \/>\nBl\u00e6nde: f\/8<br \/>\nLyskilde: Broncolor Pulso G Halogen<\/p>\n<p><strong><u>X-radiografi (X-Ray)<\/u><\/strong><br \/>\nR\u00f8ntgenr\u00f8r: NTB Art X-Ray<br \/>\nR\u00f8rsp\u00e6nding: 20-100 kV<br \/>\nEffekt: 1000 W<br \/>\nMax str\u00f8mstyrke: 45 mA<br \/>\nFokusst\u00f8rrelse: 3,0 mm<br \/>\nOptagemetode:\u00a0 Direkte digital\u00a0billeddannelse ved linjescanning (max st\u00f8rrelse 270 x 380 cm, 32400 x 36000 px)<br \/>\nDynamisk spillerum: 12 bit A\/D conversion (4096 gr\u00e5toner)<br \/>\nSoftware iX-Pect<br \/>\nOpl\u00f8sning: 300DPI, 12 px\/mm (px size 83 \u00b5m)<\/p>\n<h2><strong><br \/>\nFINNISH NATIONAL GALLERY, HELSINKI<\/strong><\/h2>\n<p><strong><u>X-radiografi (X-Ray)<\/u><\/strong><br \/>\nR\u00f8ntgenr\u00f8r: ERESCO 200 MF4-R<br \/>\nR\u00f8rsp\u00e6nding: 10-100 kV<br \/>\nStr\u00f8mstyrke: 0,5-10 mA<br \/>\nBilledplade: 35 x 43 cm, IPS GE Inspection Technologies<br \/>\nBilledpladescanner: CRxFlex Type 5176\/100<br \/>\nAfstand fra r\u00f8ntgenfokus til billedplade: 90 cm<br \/>\nOpl\u00f8sning: 508 DPI<\/p>\n<p><strong><u>Infrar\u00f8d reflektografi (IRR)<br \/>\n<\/u><\/strong>Kamera: Apollo Infrar\u00f8dt kamera, Opus Instruments<br \/>\nDetektor: InGaAS sensor, f\u00f8lsom i spektret fra 900-1700nm<br \/>\nStandard optik: 6-element Rodagon f\/8-11, 150mm<br \/>\nDokumentationsomr\u00e5de: 400 x 400 mm af maleriet (4096 x 4096 pixel)<br \/>\nKamera justering: \u00c9n optagelse<br \/>\nFokus-afstand: 1350 mm fra kamera til maleri<br \/>\nBl\u00e6nde: f\/11<br \/>\nLyskilde: Halogenic<\/p>\n<p><strong><u>Ultraviolet fluorescens (VIS-L-UV)<br \/>\n<\/u><\/strong>Kamera: Nikon D800 (med CMOS-sensor med 7360 \u00d7 4912)<br \/>\nAF MICRO NIKKOR, 60 mm optik<br \/>\nFiltre: Wratten Filter No 2E, Kodak Filter CC40V, Kodak Filter CC20M<br \/>\nUV fluorescensr\u00f8r, peak-emission ved 360 nm, vinkel: 25\u00ba<\/p>\n<p><strong><span style=\"text-decoration: underline;\">Punkt-r\u00f8ntgenfluorescens spektroskopi (pXRF)<\/span><br \/>\n<\/strong>Instrument: Bruker Tracer 5g<br \/>\nSp\u00e6nding: 40 keV \/ 15 keV<br \/>\nStr\u00f8mstyrke: 37 \u00b5A \/ 30 \u00b5A<br \/>\nFilter: ja (Ti\/Al) \/ nej<br \/>\nKollimering \u00d8: 3 mm<br \/>\nEksponeringstid pr. punkt: 30 sekunder<\/p>\n<h2><strong><br \/>\nART GALLERY OF ONTARIO<\/strong><\/h2>\n<p><span style=\"text-decoration: underline;\"><strong>Multiband imaging (MSI)<br \/>\n<\/strong><\/span>Kamera: Nikon D610 med Coastal Optical 60mm 1:4 UV-VIS-IR Apo Macro optik<br \/>\nCamera Control Pro 2<br \/>\nFilter og lys:<br \/>\nVisible: Heliopan BG38 filter, Lowel TOTA halogen lamper\u00a0og Fiilex LED lamper<br \/>\nUV Visible Fluorescence: Heliopan BG38 + PECA918 + Kodak 2E stablet filtre, Wildfire UV model LT-250F1B lamper<br \/>\nReflekteret UVA: Baader U-filter, Wildfire UV model LT-250F1B lamper<br \/>\nReflekteret IR: Peca 904, 906, 910, and 914 IR-UV pass filter, Lowel TOTA halogen lamper<br \/>\nIR Luminescensens: Peca 914 IR-UV pass filtre, Fiilex LED lamper med BG38 glasfilter foran<br \/>\nTransmitteret IR: Peca IR-UV pass filtre, Lowel TOTA halogen lamper<\/p>\n<p><strong><u>X-radiografi (X-Ray)<\/u><\/strong><br \/>\nR\u00f8ntgenr\u00f8r: Philips MOD 152 Be (150 kV Beryllium vindue)<br \/>\nR\u00f8rsp\u00e6nding: 10-150 kV<br \/>\nStr\u00f8mstyrke: 0-18 mA<br \/>\nBilledplade: Industrex Flex XL Blue Digital billedplade 5537<br \/>\nBilledpladescanner: Carestream Industrex HPX-1<br \/>\nAfstand fra r\u00f8ntgenfokus til billedplade: 74cm<\/p>\n<h2><strong><br \/>\nFORCE TECHNOLOGY<\/strong><\/h2>\n<p><strong><u>X-radiografi (X-Ray)<br \/>\n<\/u><\/strong>R\u00f8ntgenr\u00f8r: Yxlon Smart EVO 160D<br \/>\nR\u00f8rsp\u00e6ndings: 20-160 kV<br \/>\nStr\u00f8mstyrke: 0,5-7 mA<br \/>\nDetektormodel: PeXraytech PXR Alpha 36<br \/>\nDetektortype: DR Flatpanel, A-Si TFT panel<br \/>\nAfstand fra r\u00f8ntgenfokus til detektor: 80 cm<br \/>\nDimensioner: 358,4 x 430 mm<br \/>\nMatrix: 2560 x 3072 pixels<br \/>\nOpl\u00f8sning: 181 PPI (140 \u00b5m\/pixel)<\/p>\n<p>&nbsp;<\/p>\n","protected":false},"excerpt":{"rendered":"<p>Mens de fleste af malerierne der indg\u00e5r i Vilhelm Hammersh\u00f8i Digital Archive er blevet unders\u00f8gt og analyseret p\u00e5 SMK, har nogle af de deltagende institutioner udf\u00f8rt imaging og videnskabelige analyser af deres egne v\u00e6rker. Specifikationerne for de enkelte institutioners udstyr er angivet nedenfor. STATENS MUSEUM FOR KUNST Multiband imaging (MSI) Kamera: Phase One iXG 100MP [&hellip;]<\/p>\n","protected":false},"author":4,"featured_media":0,"parent":0,"menu_order":0,"comment_status":"closed","ping_status":"closed","template":"","meta":{"_acf_changed":false,"footnotes":""},"class_list":["post-2090","page","type-page","status-publish","hentry"],"acf":[],"yoast_head":"<!-- This site is optimized with the Yoast SEO plugin v27.3 - https:\/\/yoast.com\/product\/yoast-seo-wordpress\/ -->\n<title>Anvendt udstyr - SMK - The Vilhelm Hammersh\u00f8i Digital Archive<\/title>\n<meta name=\"robots\" content=\"index, follow, max-snippet:-1, max-image-preview:large, max-video-preview:-1\" \/>\n<link rel=\"canonical\" href=\"https:\/\/hammershoi.smk.dk\/da\/anvendte-instrumenter\/\" \/>\n<meta property=\"og:locale\" content=\"da_DK\" \/>\n<meta property=\"og:type\" content=\"article\" \/>\n<meta property=\"og:title\" content=\"Anvendt udstyr - SMK - The Vilhelm Hammersh\u00f8i Digital Archive\" \/>\n<meta property=\"og:description\" content=\"Mens de fleste af malerierne der indg\u00e5r i Vilhelm Hammersh\u00f8i Digital Archive er blevet unders\u00f8gt og analyseret p\u00e5 SMK, har nogle af de deltagende institutioner udf\u00f8rt imaging og videnskabelige analyser af deres egne v\u00e6rker. Specifikationerne for de enkelte institutioners udstyr er angivet nedenfor. STATENS MUSEUM FOR KUNST Multiband imaging (MSI) Kamera: Phase One iXG 100MP [&hellip;]\" \/>\n<meta property=\"og:url\" content=\"https:\/\/hammershoi.smk.dk\/da\/anvendte-instrumenter\/\" \/>\n<meta property=\"og:site_name\" content=\"SMK - The Vilhelm Hammersh\u00f8i Digital Archive\" \/>\n<meta property=\"article:modified_time\" content=\"2026-02-16T13:20:48+00:00\" \/>\n<meta property=\"og:image\" content=\"https:\/\/hammershoi.smk.dk\/wp-content\/uploads\/2025\/11\/Udstyr.jpg\" \/>\n\t<meta property=\"og:image:width\" content=\"4943\" \/>\n\t<meta property=\"og:image:height\" content=\"2811\" \/>\n\t<meta property=\"og:image:type\" content=\"image\/jpeg\" \/>\n<meta name=\"twitter:card\" content=\"summary_large_image\" \/>\n<meta name=\"twitter:label1\" content=\"Est. reading time\" \/>\n\t<meta name=\"twitter:data1\" content=\"7 minutes\" \/>\n<script type=\"application\/ld+json\" class=\"yoast-schema-graph\">{\"@context\":\"https:\\\/\\\/schema.org\",\"@graph\":[{\"@type\":\"WebPage\",\"@id\":\"https:\\\/\\\/hammershoi.smk.dk\\\/da\\\/anvendte-instrumenter\\\/\",\"url\":\"https:\\\/\\\/hammershoi.smk.dk\\\/da\\\/anvendte-instrumenter\\\/\",\"name\":\"Anvendt udstyr - SMK - The Vilhelm Hammersh\u00f8i Digital Archive\",\"isPartOf\":{\"@id\":\"https:\\\/\\\/hammershoi.smk.dk\\\/#website\"},\"primaryImageOfPage\":{\"@id\":\"https:\\\/\\\/hammershoi.smk.dk\\\/da\\\/anvendte-instrumenter\\\/#primaryimage\"},\"image\":{\"@id\":\"https:\\\/\\\/hammershoi.smk.dk\\\/da\\\/anvendte-instrumenter\\\/#primaryimage\"},\"thumbnailUrl\":\"https:\\\/\\\/clients.rubystudio.dk\\\/smk-vihda\\\/wp-content\\\/uploads\\\/2025\\\/11\\\/Udstyr-1024x582.jpg\",\"datePublished\":\"2025-09-29T14:08:46+00:00\",\"dateModified\":\"2026-02-16T13:20:48+00:00\",\"breadcrumb\":{\"@id\":\"https:\\\/\\\/hammershoi.smk.dk\\\/da\\\/anvendte-instrumenter\\\/#breadcrumb\"},\"inLanguage\":\"da-DK\",\"potentialAction\":[{\"@type\":\"ReadAction\",\"target\":[\"https:\\\/\\\/hammershoi.smk.dk\\\/da\\\/anvendte-instrumenter\\\/\"]}]},{\"@type\":\"ImageObject\",\"inLanguage\":\"da-DK\",\"@id\":\"https:\\\/\\\/hammershoi.smk.dk\\\/da\\\/anvendte-instrumenter\\\/#primaryimage\",\"url\":\"https:\\\/\\\/clients.rubystudio.dk\\\/smk-vihda\\\/wp-content\\\/uploads\\\/2025\\\/11\\\/Udstyr-1024x582.jpg\",\"contentUrl\":\"https:\\\/\\\/clients.rubystudio.dk\\\/smk-vihda\\\/wp-content\\\/uploads\\\/2025\\\/11\\\/Udstyr-1024x582.jpg\"},{\"@type\":\"BreadcrumbList\",\"@id\":\"https:\\\/\\\/hammershoi.smk.dk\\\/da\\\/anvendte-instrumenter\\\/#breadcrumb\",\"itemListElement\":[{\"@type\":\"ListItem\",\"position\":1,\"name\":\"Home\",\"item\":\"https:\\\/\\\/hammershoi.smk.dk\\\/forside\\\/\"},{\"@type\":\"ListItem\",\"position\":2,\"name\":\"Anvendt udstyr\"}]},{\"@type\":\"WebSite\",\"@id\":\"https:\\\/\\\/hammershoi.smk.dk\\\/#website\",\"url\":\"https:\\\/\\\/hammershoi.smk.dk\\\/\",\"name\":\"SMK - The Vilhelm Hammersh\u00f8i Digital Archive\",\"description\":\"\",\"potentialAction\":[{\"@type\":\"SearchAction\",\"target\":{\"@type\":\"EntryPoint\",\"urlTemplate\":\"https:\\\/\\\/hammershoi.smk.dk\\\/?s={search_term_string}\"},\"query-input\":{\"@type\":\"PropertyValueSpecification\",\"valueRequired\":true,\"valueName\":\"search_term_string\"}}],\"inLanguage\":\"da-DK\"}]}<\/script>\n<!-- \/ Yoast SEO plugin. -->","yoast_head_json":{"title":"Anvendt udstyr - SMK - The Vilhelm Hammersh\u00f8i Digital Archive","robots":{"index":"index","follow":"follow","max-snippet":"max-snippet:-1","max-image-preview":"max-image-preview:large","max-video-preview":"max-video-preview:-1"},"canonical":"https:\/\/hammershoi.smk.dk\/da\/anvendte-instrumenter\/","og_locale":"da_DK","og_type":"article","og_title":"Anvendt udstyr - SMK - The Vilhelm Hammersh\u00f8i Digital Archive","og_description":"Mens de fleste af malerierne der indg\u00e5r i Vilhelm Hammersh\u00f8i Digital Archive er blevet unders\u00f8gt og analyseret p\u00e5 SMK, har nogle af de deltagende institutioner udf\u00f8rt imaging og videnskabelige analyser af deres egne v\u00e6rker. Specifikationerne for de enkelte institutioners udstyr er angivet nedenfor. STATENS MUSEUM FOR KUNST Multiband imaging (MSI) Kamera: Phase One iXG 100MP [&hellip;]","og_url":"https:\/\/hammershoi.smk.dk\/da\/anvendte-instrumenter\/","og_site_name":"SMK - The Vilhelm Hammersh\u00f8i Digital Archive","article_modified_time":"2026-02-16T13:20:48+00:00","og_image":[{"width":4943,"height":2811,"url":"https:\/\/hammershoi.smk.dk\/wp-content\/uploads\/2025\/11\/Udstyr.jpg","type":"image\/jpeg"}],"twitter_card":"summary_large_image","twitter_misc":{"Est. reading time":"7 minutes"},"schema":{"@context":"https:\/\/schema.org","@graph":[{"@type":"WebPage","@id":"https:\/\/hammershoi.smk.dk\/da\/anvendte-instrumenter\/","url":"https:\/\/hammershoi.smk.dk\/da\/anvendte-instrumenter\/","name":"Anvendt udstyr - SMK - The Vilhelm Hammersh\u00f8i Digital Archive","isPartOf":{"@id":"https:\/\/hammershoi.smk.dk\/#website"},"primaryImageOfPage":{"@id":"https:\/\/hammershoi.smk.dk\/da\/anvendte-instrumenter\/#primaryimage"},"image":{"@id":"https:\/\/hammershoi.smk.dk\/da\/anvendte-instrumenter\/#primaryimage"},"thumbnailUrl":"https:\/\/clients.rubystudio.dk\/smk-vihda\/wp-content\/uploads\/2025\/11\/Udstyr-1024x582.jpg","datePublished":"2025-09-29T14:08:46+00:00","dateModified":"2026-02-16T13:20:48+00:00","breadcrumb":{"@id":"https:\/\/hammershoi.smk.dk\/da\/anvendte-instrumenter\/#breadcrumb"},"inLanguage":"da-DK","potentialAction":[{"@type":"ReadAction","target":["https:\/\/hammershoi.smk.dk\/da\/anvendte-instrumenter\/"]}]},{"@type":"ImageObject","inLanguage":"da-DK","@id":"https:\/\/hammershoi.smk.dk\/da\/anvendte-instrumenter\/#primaryimage","url":"https:\/\/clients.rubystudio.dk\/smk-vihda\/wp-content\/uploads\/2025\/11\/Udstyr-1024x582.jpg","contentUrl":"https:\/\/clients.rubystudio.dk\/smk-vihda\/wp-content\/uploads\/2025\/11\/Udstyr-1024x582.jpg"},{"@type":"BreadcrumbList","@id":"https:\/\/hammershoi.smk.dk\/da\/anvendte-instrumenter\/#breadcrumb","itemListElement":[{"@type":"ListItem","position":1,"name":"Home","item":"https:\/\/hammershoi.smk.dk\/forside\/"},{"@type":"ListItem","position":2,"name":"Anvendt udstyr"}]},{"@type":"WebSite","@id":"https:\/\/hammershoi.smk.dk\/#website","url":"https:\/\/hammershoi.smk.dk\/","name":"SMK - The Vilhelm Hammersh\u00f8i Digital Archive","description":"","potentialAction":[{"@type":"SearchAction","target":{"@type":"EntryPoint","urlTemplate":"https:\/\/hammershoi.smk.dk\/?s={search_term_string}"},"query-input":{"@type":"PropertyValueSpecification","valueRequired":true,"valueName":"search_term_string"}}],"inLanguage":"da-DK"}]}},"_links":{"self":[{"href":"https:\/\/hammershoi.smk.dk\/da\/wp-json\/wp\/v2\/pages\/2090","targetHints":{"allow":["GET"]}}],"collection":[{"href":"https:\/\/hammershoi.smk.dk\/da\/wp-json\/wp\/v2\/pages"}],"about":[{"href":"https:\/\/hammershoi.smk.dk\/da\/wp-json\/wp\/v2\/types\/page"}],"author":[{"embeddable":true,"href":"https:\/\/hammershoi.smk.dk\/da\/wp-json\/wp\/v2\/users\/4"}],"replies":[{"embeddable":true,"href":"https:\/\/hammershoi.smk.dk\/da\/wp-json\/wp\/v2\/comments?post=2090"}],"version-history":[{"count":26,"href":"https:\/\/hammershoi.smk.dk\/da\/wp-json\/wp\/v2\/pages\/2090\/revisions"}],"predecessor-version":[{"id":2409,"href":"https:\/\/hammershoi.smk.dk\/da\/wp-json\/wp\/v2\/pages\/2090\/revisions\/2409"}],"wp:attachment":[{"href":"https:\/\/hammershoi.smk.dk\/da\/wp-json\/wp\/v2\/media?parent=2090"}],"curies":[{"name":"wp","href":"https:\/\/api.w.org\/{rel}","templated":true}]}}